{"id":36,"date":"2023-03-24T17:52:25","date_gmt":"2023-03-24T16:52:25","guid":{"rendered":"https:\/\/inv.jp\/?page_id=36"},"modified":"2024-12-06T10:25:23","modified_gmt":"2024-12-06T09:25:23","slug":"fx","status":"publish","type":"page","link":"https:\/\/inv.jp\/en\/fx\/","title":{"rendered":"About FX"},"content":{"rendered":"<p>Page created: 2023.03.24<br \/>\nLast updated: 2023.06.28<\/p>\n<p><img decoding=\"async\" data-src=\"https:\/\/inv.jp\/wp-content\/uploads\/2023\/04\/1400x450-fx001-min.png\" alt=\"Alphabet: FX, Forex Exchange\" src=\"data:image\/svg+xml;base64,PHN2ZyB3aWR0aD0iMSIgaGVpZ2h0PSIxIiB4bWxucz0iaHR0cDovL3d3dy53My5vcmcvMjAwMC9zdmciPjwvc3ZnPg==\" class=\"lazyload\" style=\"--smush-placeholder-width: 834px; --smush-placeholder-aspect-ratio: 834\/450;\" \/><br \/>\n&#8220;Forex Trading&#8221;<br \/>\nImage extraction: DALL\u30fbE2<\/p>\n<p>Due to the boredom of the stagnant market after the NAGI market around 2020, I decided to compile my knowledge about FX as a memorandum. I don&#8217;t think this kind of knowledge is necessary for technical-oriented day traders, but since I had already created a blog, I took the time to organize it for the sake of the blog&#8217;s appearance and as a backup. However, the page was created on March 24, 2023, but most of the content was written around 2020, so the data is mostly from around 2019. Since it doesn&#8217;t seem to have changed much even now in 2023, I decided to publish it. If the data content changes significantly, I would like to update it again.<\/p>\n<p>Regarding the content of the description, there may be mistakes or misunderstandings in some of the details, but the main points should be correct. In the end, this is just a chat page to convey the message that &#8220;even with this level of knowledge, you can do foreign exchange trading.<\/p>\n<h3 class=\"style3a\">FX<\/h3>\n<p>FX refers to the trading of foreign currencies for profit, in other words, foreign exchange investment. It is abbreviated as &#8220;Foreign Exchange Margin Trading&#8221; and referred to as FX.<\/p>\n<p>Traders buy and sell (trade) currencies according to their daily fluctuating prices, and make a profit or a loss.<\/p>\n<h3 class=\"style3a\">How the FX market works<\/h3>\n<p>There is no physical market for the FX market. All trading transactions are conducted through telephone lines, information communication terminals, the internet, and the like. While bank dealing rooms are sometimes shown as the scene of foreign exchange trading in the media, the dealers and traders working there also conduct their transactions via telephone lines and the internet.<\/p>\n<p>FX trading is available 24 hours a day, five days a week, except on weekends. However, trading hours are set for interbank transactions.<\/p>\n<p>There is a market called the interbank market, where huge financial institutions participate and conduct transactions. Interbank markets are located all over the world, including Asia, Europe, and the United States, so an interbank in one of these regions is always trading on weekdays.<\/p>\n<p>Thanks to this, individual investors can trade at any time. This market, where trading is possible 24 hours a day, is called the client market (open market). Individual (or corporate) investors and speculators who participate in the open market can conduct trades through banks or FX brokers that trade with some interbank. The interbank market is the market maker, and the client market is the market user.<\/p>\n<p>Here is a diagram to help illustrate this: \u2193<\/p>\n<p><img decoding=\"async\" data-src=\"https:\/\/inv.jp\/wp-content\/uploads\/2024\/06\/from_yfx.jp-min.png\" alt=\"Simplified market-wide map of the interbank market and the general market.\" src=\"data:image\/svg+xml;base64,PHN2ZyB3aWR0aD0iMSIgaGVpZ2h0PSIxIiB4bWxucz0iaHR0cDovL3d3dy53My5vcmcvMjAwMC9zdmciPjwvc3ZnPg==\" class=\"lazyload\" style=\"--smush-placeholder-width: 790px; --smush-placeholder-aspect-ratio: 790\/500;\" \/><\/p>\n<p>In short, it can be said that large financial institutions trade in the interbank market, while companies and individuals such as trading firms, securities companies, and import\/export businesses trade in the open market.<\/p>\n<p>The interbank market can be thought of as the wholesale market, while the open market can be thought of as the retail market.<\/p>\n<p>By the way, to roughly summarize the difference between stocks and foreign exchange:<\/p>\n<p>The stock market, which trades domestic company stocks, is microeconomics.<br \/>\nThe foreign exchange market, which trades currencies from around the world, is macroeconomics.<\/p>\n<h3 class=\"style3a\">Major Interbank Participants<\/h3>\n<p>Most FX transactions are conducted with reference to rates determined by the interbank, known as the &#8220;interbank rate&#8221;. Here are some of the major interbank brokers participating in the interbank market.<\/p>\n<p>MORGAN STANLEY&#8230; Major North American banks<br \/>\nCITI GROUP&#8230; same as above<br \/>\nCHASE&#8230; same as above<br \/>\nROYAL BANK OF CANADA&#8230; same as above<\/p>\n<p>HSBC&#8230; Formerly Hong Kong and Shanghai Banking Corporation. Headquarters in London.<br \/>\nBARCLAYS CAPITAL&#8230; UK-based financial group<br \/>\nLLOYDS TSB BANK&#8230; same as above<\/p>\n<p>UBS AG&#8230; Financial institution headquartered in Switzerland<br \/>\nCREDIT SUISSE&#8230; 2023 Acquired by UBS<\/p>\n<p>LBBW&#8230; German financial institution<br \/>\nDZ BANK&#8230; German financial institution<br \/>\nING&#8230; Headquarters in the Netherlands<br \/>\nOKO BANK&#8230; Finnish financial institution<br \/>\nSEB&#8230; Swedish financial institution<br \/>\nBNP PARIBAS&#8230; Merger of Banque Nationale de Paris (BNP) and Paribas<br \/>\nSOCIETE GENERALE&#8230; Soci\u00e9t\u00e9 G\u00e9n\u00e9rale. Headquarters in France<br \/>\nSANPAOLO IMI&#8230; Italian financial institution<br \/>\nNATIONAL BANK OF GREECE&#8230; Greek bank<\/p>\n<p>Mitsubishi UFJ Financial Group&#8230; Japanese bank<br \/>\nSumitomo Mitsui Banking Corporation&#8230; same as above<\/p>\n<p>OCBC BANK&#8230; Singaporean financial institution<br \/>\nICICI BANK&#8230; Indian bank<br \/>\nNATIONAL AUSTRALIA BANK&#8230; Australian bank<br \/>\nNATIONAL BANK OF NEW ZEALAND&#8230; New Zealand financial institution<\/p>\n<p>RAND MERCHANT BANK&#8230; South African investment bank<br \/>\nCOMMERCIAL BANK OF AFRICA LIMITED&#8230; Strong in African currencies<\/p>\n<p>(Random order)<\/p>\n<p>By the way, this list was created around 2015 and I forgot where I got the information from. So its current accuracy and reliability are not high.<\/p>\n<h3 class=\"style3a\">FX trading volume and currency breakdown<\/h3>\n<p>In Europe, the peak trading hours for foreign exchange usually occur during regular working hours from 9am to 5pm, so it&#8217;s easy to remember. However, I sometimes get confused when I return to Japan, so I created a chart in Japanese time.<\/p>\n<h4>Hourly trading volume by day<\/h4>\n<p>Japan Time (European &amp; American Summer Time: around the end of March to the end of October)<\/p>\n<p><img decoding=\"async\" data-src=\"https:\/\/inv.jp\/wp-content\/uploads\/2023\/03\/003-790x500-2.png\" alt=\"Typical daily volume of foreign exchange transactions\" src=\"data:image\/svg+xml;base64,PHN2ZyB3aWR0aD0iMSIgaGVpZ2h0PSIxIiB4bWxucz0iaHR0cDovL3d3dy53My5vcmcvMjAwMC9zdmciPjwvc3ZnPg==\" class=\"lazyload\" style=\"--smush-placeholder-width: 790px; --smush-placeholder-aspect-ratio: 790\/500;\" \/><\/p>\n<p>Winter hours +1H.<\/p>\n<div class=\"spacer\"><\/div>\n<p>I personally aim to trade during peak trading hours, as do the majority of individual traders. These peak hours correspond to times when trading volume is high, which means that prices are more likely to move, resulting in larger potential profits. However, it is also true that large losses are more likely during these times.<\/p>\n<p>The peak trading hours correspond to times when large markets are open. In particular, from 21:00 to 02:00 Japanese time, both the European and American markets are open, making it the time of day with the highest trading volume. This is why it is said in Japan that &#8220;foreign exchange moves at night.&#8221; The next busiest time is usually around 16:00 to 20:00, when the Asian and European markets overlap.<\/p>\n<p>Therefore, it&#8217;s useful to remember that in Japan, peak trading usually occurs from late afternoon to late at night.<\/p>\n<p>However, this may vary slightly depending on the season and other factors.<\/p>\n<h3 class=\"style3a\">Foreign Exchange Trading Volumes by Country<\/h3>\n<p>Looking at the figures for 2019, the top 10 countries by share and average daily trading volume were roughly as follows:<\/p>\n<p>01. United Kingdom&#8230; $3,576,000,000,000 USD (Global market share: 43%)<br \/>\n02. United States&#8230; $1,370,000,000,000 (17%)<br \/>\n03. Singapore&#8230; $633,000,000,000 (8%)<br \/>\n04. Hong Kong&#8230; $632,000,000,000 (8%)<br \/>\n05. Japan&#8230; $376,000,000,000 (5%)<br \/>\n06. Switzerland&#8230; $276,000,000,000 (3%)<br \/>\n07. France&#8230; $167,000,000,000 (2%)<br \/>\n08. China&#8230; $136,000,000,000 (2%)<br \/>\n09. Germany&#8230; $124,000,000,000 (2%)<br \/>\n10. Australia&#8230; $119,000,000,000 (1%)<\/p>\n<p>\uff08Source: <a href=\"https:\/\/ja.wikipedia.org\/wiki\/%E5%A4%96%E5%9B%BD%E7%82%BA%E6%9B%BF%E5%B8%82%E5%A0%B4\" target=\"_blank\" rel=\"noopener noreferrer\">Wikipedia<\/a>\uff09<\/p>\n<p>In the UK, which is ranked 1st, the total amount of foreign exchange trading is roughly 385 trillion yen. In the Japanese market, it is about 40 trillion yen. By the way, the total amount of global foreign exchange trading is estimated to be around 6,595,000,000,000 USD per day (source: <a href=\"https:\/\/www.statista.com\/statistics\/247328\/activity-per-trading-day-on-the-global-currency-market\/\" target=\"_blank\" rel=\"noopener noreferrer\">www.statista.com<\/a> )<\/p>\n<p>Currency trading is particularly active in the Far East, Europe and the USA.<\/p>\n<h3 class=\"style3a\">World share of foreign exchange by currency<\/h3>\n<p>Data for 2019 published by the BIS (Bank for International Settlements).<\/p>\n<p>01. US dollar &#8230; 88.3%<br \/>\n02. Euro &#8230; 32.3%<br \/>\n03. Japanese Yen &#8230; 16.8%<br \/>\n04. British Pound &#8230; 12.8%<br \/>\n05. Australian dollar &#8230; 6.8%<br \/>\n06. Canadian dollar &#8230; 5.0%<br \/>\n07. Swiss franc &#8230; 5.0%<br \/>\n08. Chinese yuan &#8230; 4.3%<br \/>\n09. Hong Kong dollar &#8230; 3.5%<br \/>\n10. New Zealand dollar &#8230; 2.1%<\/p>\n<p>(source: <a href=\"https:\/\/ja.wikipedia.org\/wiki\/%E5%A4%96%E5%9B%BD%E7%82%BA%E6%9B%BF%E5%B8%82%E5%A0%B4\" target=\"_blank\" rel=\"noopener noreferrer\">Wikipedia<\/a>\uff09<\/p>\n<div class=\"spacer\"><\/div>\n<p>In terms of currency pairs, it seems that the top is EURUSD with 24%, 2nd place is USDJPY with 13.2%, 3rd place is GBPUSD with 9.6%, 4th place is AUDUSD with 5.4%, and 5th place is USDCAD with 4.4%, 6th place is USDCHY with 4.1%, and so on.<\/p>\n<p>When looking only within Japan, it appears that the trading volume is overwhelmingly biased towards USDJPY, accounting for about 61% in 2018, followed by GBPJPY at 10%. I personally don&#8217;t trade much in currencies that don&#8217;t move much like USDJPY, but maybe it&#8217;s good for scalpers.<\/p>\n<p>On a global scale, it is expected that the trading volume of the Chinese yuan (CNY or CNH) will increase further in the future.<\/p>\n<h3 class=\"style3a\">Share of trading volume by industry participants<\/h3>\n<p>This data is also from 2019, released by BIS.<\/p>\n<p>01. Major banks (interbank) &#8230;38%<br \/>\n02. Other financial institutions &#8230;32%<br \/>\n03. Institutional investors &#8230;12%<br \/>\n04. Hedge funds, PTFs &#8230;9%<br \/>\n05. Business companies &#8230;8%<br \/>\n06. Public institutions &#8230;1%<\/p>\n<p>(source: <a href=\"https:\/\/www.brightasset.co.jp\/images\/BIS%E7%82%BA%E6%9B%BF%E5%8F%96%E5%BC%95%E9%87%8F%E8%AA%BF%E6%9F%BB2019-1.pdf\" target=\"_blank\" rel=\"noopener noreferrer\">Bright Asset Co., Ltd. (PDF)<\/a>\uff09<\/p>\n","protected":false},"excerpt":{"rendered":"Page created: 2023.03.24 Last updated: 2023.06.28 &#8220;Forex Trading&#8221; Image extraction: DALL\u30fbE2 Due to the boredom of the stagnant market after the NAGI market around 2020, I decided to compile my knowledge about FX as a memorandum. I don&#8217;t think this kind of knowledge is necessary for technical-oriented day traders, but since I had already created [&hellip;]","protected":false},"author":1,"featured_media":0,"parent":0,"menu_order":3,"comment_status":"closed","ping_status":"closed","template":"","meta":{"footnotes":""},"class_list":["post-36","page","type-page","status-publish","hentry"],"translation":{"provider":"WPGlobus","version":"3.0.2","language":"en","enabled_languages":["ja","en"],"languages":{"ja":{"title":true,"content":true,"excerpt":false},"en":{"title":true,"content":true,"excerpt":false}}},"yoast_head":"<!-- This site is optimized with the Yoast SEO plugin v27.5 - https:\/\/yoast.com\/product\/yoast-seo-wordpress\/ -->\n<title>About FX - inv.jp | my backtesting notes<\/title>\n<meta name=\"description\" content=\"General knowledge page on foreign exchange (FX). Market structure, global trading volume, hours, interbank, etc.\" \/>\n<meta name=\"robots\" content=\"index, follow, max-snippet:-1, max-image-preview:large, max-video-preview:-1\" \/>\n<link rel=\"canonical\" href=\"https:\/\/inv.jp\/fx\/\" \/>\n<meta property=\"og:locale\" content=\"en_US\" \/>\n<meta property=\"og:type\" content=\"article\" \/>\n<meta property=\"og:title\" content=\"About FX - inv.jp | my backtesting notes\" \/>\n<meta property=\"og:description\" content=\"General knowledge page on foreign exchange (FX). Market structure, global trading volume, hours, interbank, etc.\" \/>\n<meta property=\"og:url\" content=\"https:\/\/inv.jp\/fx\/\" \/>\n<meta property=\"og:site_name\" content=\"inv.jp | my backtesting notes\" \/>\n<meta property=\"article:modified_time\" content=\"2024-12-06T09:25:23+00:00\" \/>\n<meta property=\"og:image\" content=\"https:\/\/inv.jp\/wp-content\/uploads\/2023\/04\/1400x450-fx001-min.png\" \/>\n<meta name=\"twitter:card\" content=\"summary_large_image\" \/>\n<meta name=\"twitter:label1\" content=\"Est. reading time\" \/>\n\t<meta name=\"twitter:data1\" content=\"10 minutes\" \/>\n<script type=\"application\/ld+json\" class=\"yoast-schema-graph\">{\"@context\":\"https:\\\/\\\/schema.org\",\"@graph\":[{\"@type\":\"WebPage\",\"@id\":\"https:\\\/\\\/inv.jp\\\/fx\\\/\",\"url\":\"https:\\\/\\\/inv.jp\\\/fx\\\/\",\"name\":\"About FX - inv.jp | my backtesting notes\",\"isPartOf\":{\"@id\":\"https:\\\/\\\/inv.jp\\\/#website\"},\"primaryImageOfPage\":{\"@id\":\"https:\\\/\\\/inv.jp\\\/fx\\\/#primaryimage\"},\"image\":{\"@id\":\"https:\\\/\\\/inv.jp\\\/fx\\\/#primaryimage\"},\"thumbnailUrl\":\"https:\\\/\\\/inv.jp\\\/wp-content\\\/uploads\\\/2023\\\/04\\\/1400x450-fx001-min.png\",\"datePublished\":\"2023-03-24T16:52:25+00:00\",\"dateModified\":\"2024-12-06T09:25:23+00:00\",\"description\":\"\u70ba\u66ff\uff08FX\uff09\u306e\u4e00\u822c\u7684\u306a\u77e5\u8b58\u30da\u30fc\u30b8\u3002\u5e02\u5834\u306e\u4ed5\u7d44\u307f\u3001\u4e16\u754c\u306e\u53d6\u5f15\u91cf\u3001\u6642\u9593\u3001\u30a4\u30f3\u30bf\u30fc\u30d0\u30f3\u30af\u7b49\u3002\u30b5\u30a4\u30c8\u904b\u55b6\u8005\u306e\u30c8\u30ec\u30fc\u30c9\u306b\u3064\u3044\u3066\u3082\u8a18\u8f09\u3002\",\"breadcrumb\":{\"@id\":\"https:\\\/\\\/inv.jp\\\/fx\\\/#breadcrumb\"},\"inLanguage\":\"en-US\",\"potentialAction\":[{\"@type\":\"ReadAction\",\"target\":[\"https:\\\/\\\/inv.jp\\\/fx\\\/\"]}]},{\"@type\":\"ImageObject\",\"inLanguage\":\"en-US\",\"@id\":\"https:\\\/\\\/inv.jp\\\/fx\\\/#primaryimage\",\"url\":\"https:\\\/\\\/inv.jp\\\/wp-content\\\/uploads\\\/2023\\\/04\\\/1400x450-fx001-min.png\",\"contentUrl\":\"https:\\\/\\\/inv.jp\\\/wp-content\\\/uploads\\\/2023\\\/04\\\/1400x450-fx001-min.png\"},{\"@type\":\"BreadcrumbList\",\"@id\":\"https:\\\/\\\/inv.jp\\\/fx\\\/#breadcrumb\",\"itemListElement\":[{\"@type\":\"ListItem\",\"position\":1,\"name\":\"\u30db\u30fc\u30e0\",\"item\":\"https:\\\/\\\/inv.jp\\\/\"},{\"@type\":\"ListItem\",\"position\":2,\"name\":\"FX\u306b\u3064\u3044\u3066\"}]},{\"@type\":\"WebSite\",\"@id\":\"https:\\\/\\\/inv.jp\\\/#website\",\"url\":\"https:\\\/\\\/inv.jp\\\/\",\"name\":\"inv.jp | my backtesting notes\",\"description\":\"my backtesting notes\",\"potentialAction\":[{\"@type\":\"SearchAction\",\"target\":{\"@type\":\"EntryPoint\",\"urlTemplate\":\"https:\\\/\\\/inv.jp\\\/?s={search_term_string}\"},\"query-input\":{\"@type\":\"PropertyValueSpecification\",\"valueRequired\":true,\"valueName\":\"search_term_string\"}}],\"inLanguage\":\"en-US\"}]}<\/script>\n<!-- \/ Yoast SEO plugin. -->","yoast_head_json":{"title":"About FX - inv.jp | my backtesting notes","description":"General knowledge page on foreign exchange (FX). Market structure, global trading volume, hours, interbank, etc.","robots":{"index":"index","follow":"follow","max-snippet":"max-snippet:-1","max-image-preview":"max-image-preview:large","max-video-preview":"max-video-preview:-1"},"canonical":"https:\/\/inv.jp\/fx\/","og_locale":"en_US","og_type":"article","og_title":"About FX - inv.jp | my backtesting notes","og_description":"General knowledge page on foreign exchange (FX). Market structure, global trading volume, hours, interbank, etc.","og_url":"https:\/\/inv.jp\/fx\/","og_site_name":"inv.jp | my backtesting notes","article_modified_time":"2024-12-06T09:25:23+00:00","og_image":[{"url":"https:\/\/inv.jp\/wp-content\/uploads\/2023\/04\/1400x450-fx001-min.png","type":"","width":"","height":""}],"twitter_card":"summary_large_image","twitter_misc":{"Est. reading time":"10 minutes"},"schema":{"@context":"https:\/\/schema.org","@graph":[{"@type":"WebPage","@id":"https:\/\/inv.jp\/fx\/","url":"https:\/\/inv.jp\/fx\/","name":"About FX - inv.jp | my backtesting notes","isPartOf":{"@id":"https:\/\/inv.jp\/#website"},"primaryImageOfPage":{"@id":"https:\/\/inv.jp\/fx\/#primaryimage"},"image":{"@id":"https:\/\/inv.jp\/fx\/#primaryimage"},"thumbnailUrl":"https:\/\/inv.jp\/wp-content\/uploads\/2023\/04\/1400x450-fx001-min.png","datePublished":"2023-03-24T16:52:25+00:00","dateModified":"2024-12-06T09:25:23+00:00","description":"\u70ba\u66ff\uff08FX\uff09\u306e\u4e00\u822c\u7684\u306a\u77e5\u8b58\u30da\u30fc\u30b8\u3002\u5e02\u5834\u306e\u4ed5\u7d44\u307f\u3001\u4e16\u754c\u306e\u53d6\u5f15\u91cf\u3001\u6642\u9593\u3001\u30a4\u30f3\u30bf\u30fc\u30d0\u30f3\u30af\u7b49\u3002\u30b5\u30a4\u30c8\u904b\u55b6\u8005\u306e\u30c8\u30ec\u30fc\u30c9\u306b\u3064\u3044\u3066\u3082\u8a18\u8f09\u3002","breadcrumb":{"@id":"https:\/\/inv.jp\/fx\/#breadcrumb"},"inLanguage":"en-US","potentialAction":[{"@type":"ReadAction","target":["https:\/\/inv.jp\/fx\/"]}]},{"@type":"ImageObject","inLanguage":"en-US","@id":"https:\/\/inv.jp\/fx\/#primaryimage","url":"https:\/\/inv.jp\/wp-content\/uploads\/2023\/04\/1400x450-fx001-min.png","contentUrl":"https:\/\/inv.jp\/wp-content\/uploads\/2023\/04\/1400x450-fx001-min.png"},{"@type":"BreadcrumbList","@id":"https:\/\/inv.jp\/fx\/#breadcrumb","itemListElement":[{"@type":"ListItem","position":1,"name":"\u30db\u30fc\u30e0","item":"https:\/\/inv.jp\/"},{"@type":"ListItem","position":2,"name":"FX\u306b\u3064\u3044\u3066"}]},{"@type":"WebSite","@id":"https:\/\/inv.jp\/#website","url":"https:\/\/inv.jp\/","name":"inv.jp | my backtesting notes","description":"my backtesting notes","potentialAction":[{"@type":"SearchAction","target":{"@type":"EntryPoint","urlTemplate":"https:\/\/inv.jp\/?s={search_term_string}"},"query-input":{"@type":"PropertyValueSpecification","valueRequired":true,"valueName":"search_term_string"}}],"inLanguage":"en-US"}]}},"_links":{"self":[{"href":"https:\/\/inv.jp\/en\/wp-json\/wp\/v2\/pages\/36","targetHints":{"allow":["GET"]}}],"collection":[{"href":"https:\/\/inv.jp\/en\/wp-json\/wp\/v2\/pages"}],"about":[{"href":"https:\/\/inv.jp\/en\/wp-json\/wp\/v2\/types\/page"}],"author":[{"embeddable":true,"href":"https:\/\/inv.jp\/en\/wp-json\/wp\/v2\/users\/1"}],"replies":[{"embeddable":true,"href":"https:\/\/inv.jp\/en\/wp-json\/wp\/v2\/comments?post=36"}],"version-history":[{"count":32,"href":"https:\/\/inv.jp\/en\/wp-json\/wp\/v2\/pages\/36\/revisions"}],"predecessor-version":[{"id":1661,"href":"https:\/\/inv.jp\/en\/wp-json\/wp\/v2\/pages\/36\/revisions\/1661"}],"wp:attachment":[{"href":"https:\/\/inv.jp\/en\/wp-json\/wp\/v2\/media?parent=36"}],"curies":[{"name":"wp","href":"https:\/\/api.w.org\/{rel}","templated":true}]}}